{"id":926,"date":"2025-01-31T12:12:17","date_gmt":"2025-01-31T12:12:17","guid":{"rendered":"https:\/\/konzeptwerk-2t8dvr2l1a.live-website.com\/?page_id=926"},"modified":"2025-02-16T09:24:10","modified_gmt":"2025-02-16T09:24:10","slug":"partner","status":"publish","type":"page","link":"https:\/\/konzeptwerkgmbh.de\/en\/partner\/","title":{"rendered":"Partner"},"content":{"rendered":"<div data-elementor-type=\"wp-page\" data-elementor-id=\"926\" class=\"elementor elementor-926\" data-elementor-post-type=\"page\">\n\t\t\t\t<div class=\"elementor-element elementor-element-929197b e-grid e-con-boxed e-con e-parent\" data-id=\"929197b\" data-element_type=\"container\" data-e-type=\"container\" data-settings=\"{&quot;background_background&quot;:&quot;gradient&quot;}\">\n\t\t\t\t\t<div class=\"e-con-inner\">\n\t\t<div class=\"elementor-element elementor-element-3461680 e-con-full e-flex e-con e-child\" data-id=\"3461680\" data-element_type=\"container\" data-e-type=\"container\">\n\t\t\t\t<div class=\"elementor-element elementor-element-6e846e5 elementor-widget elementor-widget-heading\" data-id=\"6e846e5\" data-element_type=\"widget\" data-e-type=\"widget\" data-widget_type=\"heading.default\">\n\t\t\t\t<div class=\"elementor-widget-container\">\n\t\t\t\t\t<h1 class=\"elementor-heading-title elementor-size-default\">Where would we be without our partners?<\/h1>\t\t\t\t<\/div>\n\t\t\t\t<\/div>\n\t\t\t\t<div class=\"elementor-element elementor-element-3f1304d elementor-widget-divider--view-line elementor-widget elementor-widget-divider\" data-id=\"3f1304d\" data-element_type=\"widget\" data-e-type=\"widget\" data-widget_type=\"divider.default\">\n\t\t\t\t<div class=\"elementor-widget-container\">\n\t\t\t\t\t\t\t<div class=\"elementor-divider\">\n\t\t\t<span class=\"elementor-divider-separator\">\n\t\t\t\t\t\t<\/span>\n\t\t<\/div>\n\t\t\t\t\t\t<\/div>\n\t\t\t\t<\/div>\n\t\t\t\t<div class=\"elementor-element elementor-element-220a254 elementor-widget elementor-widget-text-editor\" data-id=\"220a254\" data-element_type=\"widget\" data-e-type=\"widget\" data-widget_type=\"text-editor.default\">\n\t\t\t\t<div class=\"elementor-widget-container\">\n\t\t\t\t\t\t\t\t\t<p>We offer you an excellent network of partners to provide you with the best possible support and make all your challenges possible.<\/p>\t\t\t\t\t\t\t\t<\/div>\n\t\t\t\t<\/div>\n\t\t\t\t<\/div>\n\t\t\t\t\t<\/div>\n\t\t\t\t<\/div>\n\t\t<div class=\"elementor-element elementor-element-d4528a7 e-flex e-con-boxed e-con e-parent\" data-id=\"d4528a7\" data-element_type=\"container\" data-e-type=\"container\">\n\t\t\t\t\t<div class=\"e-con-inner\">\n\t\t\t\t<div class=\"elementor-element elementor-element-b6087b3 elementor-widget elementor-widget-template\" data-id=\"b6087b3\" data-element_type=\"widget\" data-e-type=\"widget\" data-widget_type=\"template.default\">\n\t\t\t\t<div class=\"elementor-widget-container\">\n\t\t\t\t\t\t\t<div class=\"elementor-template\">\n\t\t\t\t\t<div data-elementor-type=\"section\" data-elementor-id=\"1327\" class=\"elementor elementor-1327\" data-elementor-post-type=\"elementor_library\">\n\t\t\t<div class=\"elementor-element elementor-element-7c248b8 e-flex e-con-boxed e-con e-parent\" data-id=\"7c248b8\" data-element_type=\"container\" data-e-type=\"container\">\n\t\t\t\t\t<div class=\"e-con-inner\">\n\t\t\t\t<div class=\"elementor-element elementor-element-a3e148e elementor-widget elementor-widget-heading\" data-id=\"a3e148e\" data-element_type=\"widget\" data-e-type=\"widget\" data-widget_type=\"heading.default\">\n\t\t\t\t<div class=\"elementor-widget-container\">\n\t\t\t\t\t<p class=\"elementor-heading-title elementor-size-default\">Our partners<\/p>\t\t\t\t<\/div>\n\t\t\t\t<\/div>\n\t\t\t\t<div class=\"elementor-element elementor-element-9c0a468 elementor-pagination-position-outside elementor-widget elementor-widget-image-carousel\" data-id=\"9c0a468\" data-element_type=\"widget\" data-e-type=\"widget\" data-settings=\"{&quot;slides_to_show&quot;:&quot;5&quot;,&quot;navigation&quot;:&quot;dots&quot;,&quot;autoplay_speed&quot;:2000,&quot;image_spacing_custom&quot;:{&quot;unit&quot;:&quot;px&quot;,&quot;size&quot;:70,&quot;sizes&quot;:[]},&quot;slides_to_show_tablet&quot;:&quot;3&quot;,&quot;slides_to_show_mobile&quot;:&quot;1&quot;,&quot;image_spacing_custom_tablet&quot;:{&quot;unit&quot;:&quot;px&quot;,&quot;size&quot;:100,&quot;sizes&quot;:[]},&quot;autoplay&quot;:&quot;yes&quot;,&quot;pause_on_hover&quot;:&quot;yes&quot;,&quot;pause_on_interaction&quot;:&quot;yes&quot;,&quot;infinite&quot;:&quot;yes&quot;,&quot;speed&quot;:500,&quot;image_spacing_custom_widescreen&quot;:{&quot;unit&quot;:&quot;px&quot;,&quot;size&quot;:&quot;&quot;,&quot;sizes&quot;:[]},&quot;image_spacing_custom_laptop&quot;:{&quot;unit&quot;:&quot;px&quot;,&quot;size&quot;:&quot;&quot;,&quot;sizes&quot;:[]},&quot;image_spacing_custom_tablet_extra&quot;:{&quot;unit&quot;:&quot;px&quot;,&quot;size&quot;:&quot;&quot;,&quot;sizes&quot;:[]},&quot;image_spacing_custom_mobile_extra&quot;:{&quot;unit&quot;:&quot;px&quot;,&quot;size&quot;:&quot;&quot;,&quot;sizes&quot;:[]}}\" data-widget_type=\"image-carousel.default\">\n\t\t\t\t<div class=\"elementor-widget-container\">\n\t\t\t\t\t\t\t<div class=\"elementor-image-carousel-wrapper swiper\" role=\"region\" aria-roledescription=\"carousel\" aria-label=\"Image Carousel\" dir=\"ltr\">\n\t\t\t<div class=\"elementor-image-carousel swiper-wrapper swiper-image-stretch\" aria-live=\"off\">\n\t\t\t\t\t\t\t\t<div class=\"swiper-slide\" role=\"group\" aria-roledescription=\"slide\" aria-label=\"1 of 20\"><figure class=\"swiper-slide-inner\"><img decoding=\"async\" class=\"swiper-slide-image\" src=\"https:\/\/konzeptwerkgmbh.de\/wp-content\/uploads\/2025\/01\/d.velop_-2.png\" alt=\"d.velop\" \/><\/figure><\/div><div class=\"swiper-slide\" role=\"group\" aria-roledescription=\"slide\" aria-label=\"2 of 20\"><figure class=\"swiper-slide-inner\"><img decoding=\"async\" class=\"swiper-slide-image\" src=\"https:\/\/konzeptwerkgmbh.de\/wp-content\/uploads\/2025\/01\/bvmw-logo.png\" alt=\"bvmw logo\" \/><\/figure><\/div><div class=\"swiper-slide\" role=\"group\" aria-roledescription=\"slide\" aria-label=\"3 of 20\"><figure class=\"swiper-slide-inner\"><img decoding=\"async\" class=\"swiper-slide-image\" src=\"https:\/\/konzeptwerkgmbh.de\/wp-content\/uploads\/2025\/01\/mittelstandsbund-logo.jpg\" alt=\"mittelstandsbund logo\" \/><\/figure><\/div><div class=\"swiper-slide\" role=\"group\" aria-roledescription=\"slide\" aria-label=\"4 of 20\"><figure class=\"swiper-slide-inner\"><img decoding=\"async\" class=\"swiper-slide-image\" src=\"https:\/\/konzeptwerkgmbh.de\/wp-content\/uploads\/2025\/01\/anveo_logo.png\" alt=\"anveo_logo\" \/><\/figure><\/div><div class=\"swiper-slide\" role=\"group\" aria-roledescription=\"slide\" aria-label=\"5 of 20\"><figure class=\"swiper-slide-inner\"><img decoding=\"async\" class=\"swiper-slide-image\" src=\"https:\/\/konzeptwerkgmbh.de\/wp-content\/uploads\/2025\/01\/belware-logo.png\" alt=\"belware logo\" \/><\/figure><\/div><div class=\"swiper-slide\" role=\"group\" aria-roledescription=\"slide\" aria-label=\"6 of 20\"><figure class=\"swiper-slide-inner\"><img decoding=\"async\" class=\"swiper-slide-image\" src=\"https:\/\/konzeptwerkgmbh.de\/wp-content\/uploads\/2025\/01\/collanahive-logo.jpeg\" alt=\"collanahive logo\" \/><\/figure><\/div><div class=\"swiper-slide\" role=\"group\" aria-roledescription=\"slide\" aria-label=\"7 of 20\"><figure class=\"swiper-slide-inner\"><img decoding=\"async\" class=\"swiper-slide-image\" src=\"https:\/\/konzeptwerkgmbh.de\/wp-content\/uploads\/2025\/01\/companial-logo.png\" alt=\"companial logo\" \/><\/figure><\/div><div class=\"swiper-slide\" role=\"group\" aria-roledescription=\"slide\" aria-label=\"8 of 20\"><figure class=\"swiper-slide-inner\"><img decoding=\"async\" class=\"swiper-slide-image\" src=\"https:\/\/konzeptwerkgmbh.de\/wp-content\/uploads\/2025\/01\/comsol_Logo.png\" alt=\"comsol_Logo\" \/><\/figure><\/div><div class=\"swiper-slide\" role=\"group\" aria-roledescription=\"slide\" aria-label=\"9 of 20\"><figure class=\"swiper-slide-inner\"><img decoding=\"async\" class=\"swiper-slide-image\" src=\"https:\/\/konzeptwerkgmbh.de\/wp-content\/uploads\/2025\/01\/conscoo-logo.jpeg\" alt=\"conscoo logo\" \/><\/figure><\/div><div class=\"swiper-slide\" role=\"group\" aria-roledescription=\"slide\" aria-label=\"10 of 20\"><figure class=\"swiper-slide-inner\"><img decoding=\"async\" class=\"swiper-slide-image\" src=\"https:\/\/konzeptwerkgmbh.de\/wp-content\/uploads\/2025\/01\/continia-logo.png\" alt=\"continia logo\" \/><\/figure><\/div><div class=\"swiper-slide\" role=\"group\" aria-roledescription=\"slide\" aria-label=\"11 of 20\"><figure class=\"swiper-slide-inner\"><img decoding=\"async\" class=\"swiper-slide-image\" src=\"https:\/\/konzeptwerkgmbh.de\/wp-content\/uploads\/2025\/01\/ecmone-logo.png\" alt=\"ecmone logo\" \/><\/figure><\/div><div class=\"swiper-slide\" role=\"group\" aria-roledescription=\"slide\" aria-label=\"12 of 20\"><figure class=\"swiper-slide-inner\"><img decoding=\"async\" class=\"swiper-slide-image\" src=\"https:\/\/konzeptwerkgmbh.de\/wp-content\/uploads\/2025\/01\/ecodms-logo.png\" alt=\"ecodms logo\" \/><\/figure><\/div><div class=\"swiper-slide\" role=\"group\" aria-roledescription=\"slide\" aria-label=\"13 of 20\"><figure class=\"swiper-slide-inner\"><img decoding=\"async\" class=\"swiper-slide-image\" src=\"https:\/\/konzeptwerkgmbh.de\/wp-content\/uploads\/2025\/01\/fornav-logo.png\" alt=\"fornav logo\" \/><\/figure><\/div><div class=\"swiper-slide\" role=\"group\" aria-roledescription=\"slide\" aria-label=\"14 of 20\"><figure class=\"swiper-slide-inner\"><img decoding=\"async\" class=\"swiper-slide-image\" src=\"https:\/\/konzeptwerkgmbh.de\/wp-content\/uploads\/2025\/01\/ingrammicro-logo.png\" alt=\"ingrammicro logo\" \/><\/figure><\/div><div class=\"swiper-slide\" role=\"group\" aria-roledescription=\"slide\" aria-label=\"15 of 20\"><figure class=\"swiper-slide-inner\"><img decoding=\"async\" class=\"swiper-slide-image\" src=\"https:\/\/konzeptwerkgmbh.de\/wp-content\/uploads\/2025\/01\/k3_logo.jpg\" alt=\"k3_logo\" \/><\/figure><\/div><div class=\"swiper-slide\" role=\"group\" aria-roledescription=\"slide\" aria-label=\"16 of 20\"><figure class=\"swiper-slide-inner\"><img decoding=\"async\" class=\"swiper-slide-image\" src=\"https:\/\/konzeptwerkgmbh.de\/wp-content\/uploads\/2025\/01\/orderbase_logo.png\" alt=\"orderbase_logo\" \/><\/figure><\/div><div class=\"swiper-slide\" role=\"group\" aria-roledescription=\"slide\" aria-label=\"17 of 20\"><figure class=\"swiper-slide-inner\"><img decoding=\"async\" class=\"swiper-slide-image\" src=\"https:\/\/konzeptwerkgmbh.de\/wp-content\/uploads\/2025\/01\/sendcloud-logo.png\" alt=\"sendcloud logo\" \/><\/figure><\/div><div class=\"swiper-slide\" role=\"group\" aria-roledescription=\"slide\" aria-label=\"18 of 20\"><figure class=\"swiper-slide-inner\"><img decoding=\"async\" class=\"swiper-slide-image\" src=\"https:\/\/konzeptwerkgmbh.de\/wp-content\/uploads\/2025\/01\/shipcloud-logo.png\" alt=\"shipcloud logo\" \/><\/figure><\/div><div class=\"swiper-slide\" role=\"group\" aria-roledescription=\"slide\" aria-label=\"19 of 20\"><figure class=\"swiper-slide-inner\"><img decoding=\"async\" class=\"swiper-slide-image\" src=\"https:\/\/konzeptwerkgmbh.de\/wp-content\/uploads\/2025\/01\/uniconta-logo.jpg\" alt=\"uniconta logo\" \/><\/figure><\/div><div class=\"swiper-slide\" role=\"group\" aria-roledescription=\"slide\" aria-label=\"20 of 20\"><figure class=\"swiper-slide-inner\"><img decoding=\"async\" class=\"swiper-slide-image\" src=\"https:\/\/konzeptwerkgmbh.de\/wp-content\/uploads\/2025\/01\/amathan-logo.png\" alt=\"amathan logo\" \/><\/figure><\/div>\t\t\t<\/div>\n\t\t\t\t\t\t\t\n\t\t\t\t\t\t\t\t\t<div class=\"swiper-pagination\"><\/div>\n\t\t\t\t\t\t\t\t\t<\/div>\n\t\t\t\t\t\t<\/div>\n\t\t\t\t<\/div>\n\t\t\t\t<div class=\"elementor-element elementor-element-ee4d2a7 elementor-align-center elementor-widget elementor-widget-button\" data-id=\"ee4d2a7\" data-element_type=\"widget\" data-e-type=\"widget\" data-widget_type=\"button.default\">\n\t\t\t\t<div class=\"elementor-widget-container\">\n\t\t\t\t\t\t\t\t\t<div class=\"elementor-button-wrapper\">\n\t\t\t\t\t<a class=\"elementor-button elementor-button-link elementor-size-sm\" href=\"https:\/\/konzeptwerkgmbh.de\/en\/contact\/\">\n\t\t\t\t\t\t<span class=\"elementor-button-content-wrapper\">\n\t\t\t\t\t\t\t\t\t<span class=\"elementor-button-text\">Become a partner now!<\/span>\n\t\t\t\t\t<\/span>\n\t\t\t\t\t<\/a>\n\t\t\t\t<\/div>\n\t\t\t\t\t\t\t\t<\/div>\n\t\t\t\t<\/div>\n\t\t\t\t\t<\/div>\n\t\t\t\t<\/div>\n\t\t\t\t<\/div>\n\t\t\t\t<\/div>\n\t\t\t\t\t\t<\/div>\n\t\t\t\t<\/div>\n\t\t\t\t\t<\/div>\n\t\t\t\t<\/div>\n\t\t\t\t<\/div>","protected":false},"excerpt":{"rendered":"<p>Was w\u00e4ren wir ohne unsere Partner? Wir bieten euch ein exzellent vernetztes Partnernetzwerk, um euch bestm\u00f6glich zu unterst\u00fctzen und alles, [&hellip;]<\/p>\n","protected":false},"author":1,"featured_media":0,"parent":0,"menu_order":0,"comment_status":"closed","ping_status":"closed","template":"","meta":{"site-sidebar-layout":"no-sidebar","site-content-layout":"","ast-site-content-layout":"full-width-container","site-content-style":"default","site-sidebar-style":"default","ast-global-header-display":"","ast-banner-title-visibility":"","ast-main-header-display":"","ast-hfb-above-header-display":"","ast-hfb-below-header-display":"","ast-hfb-mobile-header-display":"","site-post-title":"disabled","ast-breadcrumbs-content":"","ast-featured-img":"disabled","footer-sml-layout":"","ast-disable-related-posts":"","theme-transparent-header-meta":"","adv-header-id-meta":"","stick-header-meta":"","header-above-stick-meta":"","header-main-stick-meta":"","header-below-stick-meta":"","astra-migrate-meta-layouts":"default","ast-page-background-enabled":"default","ast-page-background-meta":{"desktop":{"background-color":"var(--ast-global-color-5)","background-image":"","background-repeat":"repeat","background-position":"center center","background-size":"auto","background-attachment":"scroll","background-type":"","background-media":"","overlay-type":"","overlay-color":"","overlay-opacity":"","overlay-gradient":""},"tablet":{"background-color":"","background-image":"","background-repeat":"repeat","background-position":"center center","background-size":"auto","background-attachment":"scroll","background-type":"","background-media":"","overlay-type":"","overlay-color":"","overlay-opacity":"","overlay-gradient":""},"mobile":{"background-color":"","background-image":"","background-repeat":"repeat","background-position":"center center","background-size":"auto","background-attachment":"scroll","background-type":"","background-media":"","overlay-type":"","overlay-color":"","overlay-opacity":"","overlay-gradient":""}},"ast-content-background-meta":{"desktop":{"background-color":"var(--ast-global-color-4)","background-image":"","background-repeat":"repeat","background-position":"center center","background-size":"auto","background-attachment":"scroll","background-type":"","background-media":"","overlay-type":"","overlay-color":"","overlay-opacity":"","overlay-gradient":""},"tablet":{"background-color":"var(--ast-global-color-4)","background-image":"","background-repeat":"repeat","background-position":"center center","background-size":"auto","background-attachment":"scroll","background-type":"","background-media":"","overlay-type":"","overlay-color":"","overlay-opacity":"","overlay-gradient":""},"mobile":{"background-color":"var(--ast-global-color-4)","background-image":"","background-repeat":"repeat","background-position":"center center","background-size":"auto","background-attachment":"scroll","background-type":"","background-media":"","overlay-type":"","overlay-color":"","overlay-opacity":"","overlay-gradient":""}},"footnotes":""},"class_list":["post-926","page","type-page","status-publish","hentry"],"yoast_head":"<!-- This site is optimized with the Yoast SEO plugin v27.5 - https:\/\/yoast.com\/product\/yoast-seo-wordpress\/ -->\n<title>Partner - konzeptwerk GmbH<\/title>\n<meta name=\"robots\" content=\"index, follow, max-snippet:-1, max-image-preview:large, max-video-preview:-1\" \/>\n<link rel=\"canonical\" href=\"https:\/\/konzeptwerkgmbh.de\/en\/partner\/\" \/>\n<meta property=\"og:locale\" content=\"en_US\" \/>\n<meta property=\"og:type\" content=\"article\" \/>\n<meta property=\"og:title\" content=\"Partner - konzeptwerk GmbH\" \/>\n<meta property=\"og:description\" content=\"Was w\u00e4ren wir ohne unsere Partner? Wir bieten euch ein exzellent vernetztes Partnernetzwerk, um euch bestm\u00f6glich zu unterst\u00fctzen und alles, [&hellip;]\" \/>\n<meta property=\"og:url\" content=\"https:\/\/konzeptwerkgmbh.de\/en\/partner\/\" \/>\n<meta property=\"og:site_name\" content=\"konzeptwerk GmbH\" \/>\n<meta property=\"article:modified_time\" content=\"2025-02-16T09:24:10+00:00\" \/>\n<meta name=\"twitter:card\" content=\"summary_large_image\" \/>\n<script type=\"application\/ld+json\" class=\"yoast-schema-graph\">{\"@context\":\"https:\\\/\\\/schema.org\",\"@graph\":[{\"@type\":\"WebPage\",\"@id\":\"https:\\\/\\\/konzeptwerkgmbh.de\\\/partner\\\/\",\"url\":\"https:\\\/\\\/konzeptwerkgmbh.de\\\/partner\\\/\",\"name\":\"Partner - konzeptwerk GmbH\",\"isPartOf\":{\"@id\":\"https:\\\/\\\/konzeptwerkgmbh.de\\\/#website\"},\"datePublished\":\"2025-01-31T12:12:17+00:00\",\"dateModified\":\"2025-02-16T09:24:10+00:00\",\"breadcrumb\":{\"@id\":\"https:\\\/\\\/konzeptwerkgmbh.de\\\/partner\\\/#breadcrumb\"},\"inLanguage\":\"en-US\",\"potentialAction\":[{\"@type\":\"ReadAction\",\"target\":[\"https:\\\/\\\/konzeptwerkgmbh.de\\\/partner\\\/\"]}]},{\"@type\":\"BreadcrumbList\",\"@id\":\"https:\\\/\\\/konzeptwerkgmbh.de\\\/partner\\\/#breadcrumb\",\"itemListElement\":[{\"@type\":\"ListItem\",\"position\":1,\"name\":\"Home\",\"item\":\"https:\\\/\\\/konzeptwerkgmbh.de\\\/\"},{\"@type\":\"ListItem\",\"position\":2,\"name\":\"Partner\"}]},{\"@type\":\"WebSite\",\"@id\":\"https:\\\/\\\/konzeptwerkgmbh.de\\\/#website\",\"url\":\"https:\\\/\\\/konzeptwerkgmbh.de\\\/\",\"name\":\"konzeptwerk GmbH\",\"description\":\"Cloudl&ouml;sungen f&uuml;r Gro&szlig;handel, Textil, Systemh&auml;user, Gemeinschaftsverpflegung | Ungelsheimer Weg 14, D&uuml;sseldorf, Germany\",\"publisher\":{\"@id\":\"https:\\\/\\\/konzeptwerkgmbh.de\\\/#organization\"},\"potentialAction\":[{\"@type\":\"SearchAction\",\"target\":{\"@type\":\"EntryPoint\",\"urlTemplate\":\"https:\\\/\\\/konzeptwerkgmbh.de\\\/?s={search_term_string}\"},\"query-input\":{\"@type\":\"PropertyValueSpecification\",\"valueRequired\":true,\"valueName\":\"search_term_string\"}}],\"inLanguage\":\"en-US\"},{\"@type\":\"Organization\",\"@id\":\"https:\\\/\\\/konzeptwerkgmbh.de\\\/#organization\",\"name\":\"konzeptwerk GmbH\",\"url\":\"https:\\\/\\\/konzeptwerkgmbh.de\\\/\",\"logo\":{\"@type\":\"ImageObject\",\"inLanguage\":\"en-US\",\"@id\":\"https:\\\/\\\/konzeptwerkgmbh.de\\\/#\\\/schema\\\/logo\\\/image\\\/\",\"url\":\"https:\\\/\\\/konzeptwerkgmbh.de\\\/wp-content\\\/uploads\\\/2025\\\/01\\\/konzeptwerk_PNG_File-01.png\",\"contentUrl\":\"https:\\\/\\\/konzeptwerkgmbh.de\\\/wp-content\\\/uploads\\\/2025\\\/01\\\/konzeptwerk_PNG_File-01.png\",\"width\":452,\"height\":129,\"caption\":\"konzeptwerk GmbH\"},\"image\":{\"@id\":\"https:\\\/\\\/konzeptwerkgmbh.de\\\/#\\\/schema\\\/logo\\\/image\\\/\"}}]}<\/script>\n<!-- \/ Yoast SEO plugin. -->","yoast_head_json":{"title":"Partner - konzeptwerk GmbH","robots":{"index":"index","follow":"follow","max-snippet":"max-snippet:-1","max-image-preview":"max-image-preview:large","max-video-preview":"max-video-preview:-1"},"canonical":"https:\/\/konzeptwerkgmbh.de\/en\/partner\/","og_locale":"en_US","og_type":"article","og_title":"Partner - konzeptwerk GmbH","og_description":"Was w\u00e4ren wir ohne unsere Partner? Wir bieten euch ein exzellent vernetztes Partnernetzwerk, um euch bestm\u00f6glich zu unterst\u00fctzen und alles, [&hellip;]","og_url":"https:\/\/konzeptwerkgmbh.de\/en\/partner\/","og_site_name":"konzeptwerk GmbH","article_modified_time":"2025-02-16T09:24:10+00:00","twitter_card":"summary_large_image","schema":{"@context":"https:\/\/schema.org","@graph":[{"@type":"WebPage","@id":"https:\/\/konzeptwerkgmbh.de\/partner\/","url":"https:\/\/konzeptwerkgmbh.de\/partner\/","name":"Partner - konzeptwerk GmbH","isPartOf":{"@id":"https:\/\/konzeptwerkgmbh.de\/#website"},"datePublished":"2025-01-31T12:12:17+00:00","dateModified":"2025-02-16T09:24:10+00:00","breadcrumb":{"@id":"https:\/\/konzeptwerkgmbh.de\/partner\/#breadcrumb"},"inLanguage":"en-US","potentialAction":[{"@type":"ReadAction","target":["https:\/\/konzeptwerkgmbh.de\/partner\/"]}]},{"@type":"BreadcrumbList","@id":"https:\/\/konzeptwerkgmbh.de\/partner\/#breadcrumb","itemListElement":[{"@type":"ListItem","position":1,"name":"Home","item":"https:\/\/konzeptwerkgmbh.de\/"},{"@type":"ListItem","position":2,"name":"Partner"}]},{"@type":"WebSite","@id":"https:\/\/konzeptwerkgmbh.de\/#website","url":"https:\/\/konzeptwerkgmbh.de\/","name":"konzeptwerk GmbH","description":"Cloud solutions for wholesale, textiles, system houses, communal catering | Ungelsheimer Weg 14, D\u00fcsseldorf, Germany","publisher":{"@id":"https:\/\/konzeptwerkgmbh.de\/#organization"},"potentialAction":[{"@type":"SearchAction","target":{"@type":"EntryPoint","urlTemplate":"https:\/\/konzeptwerkgmbh.de\/?s={search_term_string}"},"query-input":{"@type":"PropertyValueSpecification","valueRequired":true,"valueName":"search_term_string"}}],"inLanguage":"en-US"},{"@type":"Organization","@id":"https:\/\/konzeptwerkgmbh.de\/#organization","name":"konzeptwerk GmbH","url":"https:\/\/konzeptwerkgmbh.de\/","logo":{"@type":"ImageObject","inLanguage":"en-US","@id":"https:\/\/konzeptwerkgmbh.de\/#\/schema\/logo\/image\/","url":"https:\/\/konzeptwerkgmbh.de\/wp-content\/uploads\/2025\/01\/konzeptwerk_PNG_File-01.png","contentUrl":"https:\/\/konzeptwerkgmbh.de\/wp-content\/uploads\/2025\/01\/konzeptwerk_PNG_File-01.png","width":452,"height":129,"caption":"konzeptwerk GmbH"},"image":{"@id":"https:\/\/konzeptwerkgmbh.de\/#\/schema\/logo\/image\/"}}]}},"_links":{"self":[{"href":"https:\/\/konzeptwerkgmbh.de\/en\/wp-json\/wp\/v2\/pages\/926","targetHints":{"allow":["GET"]}}],"collection":[{"href":"https:\/\/konzeptwerkgmbh.de\/en\/wp-json\/wp\/v2\/pages"}],"about":[{"href":"https:\/\/konzeptwerkgmbh.de\/en\/wp-json\/wp\/v2\/types\/page"}],"author":[{"embeddable":true,"href":"https:\/\/konzeptwerkgmbh.de\/en\/wp-json\/wp\/v2\/users\/1"}],"replies":[{"embeddable":true,"href":"https:\/\/konzeptwerkgmbh.de\/en\/wp-json\/wp\/v2\/comments?post=926"}],"version-history":[{"count":65,"href":"https:\/\/konzeptwerkgmbh.de\/en\/wp-json\/wp\/v2\/pages\/926\/revisions"}],"predecessor-version":[{"id":1918,"href":"https:\/\/konzeptwerkgmbh.de\/en\/wp-json\/wp\/v2\/pages\/926\/revisions\/1918"}],"wp:attachment":[{"href":"https:\/\/konzeptwerkgmbh.de\/en\/wp-json\/wp\/v2\/media?parent=926"}],"curies":[{"name":"wp","href":"https:\/\/api.w.org\/{rel}","templated":true}]}}